{"id":80,"date":"2022-03-23T13:19:09","date_gmt":"2022-03-23T13:19:09","guid":{"rendered":"https:\/\/formacion.fetaekwondo.net\/?page_id=80"},"modified":"2023-07-18T08:16:33","modified_gmt":"2023-07-18T08:16:33","slug":"jueces-hapkido-colegiados","status":"publish","type":"page","link":"https:\/\/formacion.fetaekwondo.net\/?page_id=80","title":{"rendered":"Jueces Hapkido Colegiados"},"content":{"rendered":"\n<p><em>La siguiente p\u00e1gina mostrar\u00e1 el acceso al curso de formaci\u00f3n permanente de <strong>Jueces de Hapkido Colegiados<\/strong> quienes dispondr\u00e1n de todo tipo de cursos durante toda la temporada.<\/em><\/p>\n\n\n\n<p><\/p>\n\n\n\n<p><strong>Jueces Hapkido &#8211; Formaci\u00f3n Permanente<\/strong><\/p>\n\n\n\n<p><em><strong>Pr\u00f3ximamente&#8230;<\/strong><\/em><\/p>\n","protected":false},"excerpt":{"rendered":"<p>La siguiente p\u00e1gina mostrar\u00e1 el acceso al curso de formaci\u00f3n permanente de Jueces de Hapkido Colegiados quienes dispondr\u00e1n de todo tipo de cursos durante toda la temporada. Jueces Hapkido &#8211; Formaci\u00f3n Permanente Pr\u00f3ximamente&#8230;<\/p>\n","protected":false},"author":1,"featured_media":0,"parent":0,"menu_order":0,"comment_status":"closed","ping_status":"closed","template":"","meta":{"footnotes":""},"class_list":["post-80","page","type-page","status-publish","hentry"],"_links":{"self":[{"href":"https:\/\/formacion.fetaekwondo.net\/index.php?rest_route=\/wp\/v2\/pages\/80","targetHints":{"allow":["GET"]}}],"collection":[{"href":"https:\/\/formacion.fetaekwondo.net\/index.php?rest_route=\/wp\/v2\/pages"}],"about":[{"href":"https:\/\/formacion.fetaekwondo.net\/index.php?rest_route=\/wp\/v2\/types\/page"}],"author":[{"embeddable":true,"href":"https:\/\/formacion.fetaekwondo.net\/index.php?rest_route=\/wp\/v2\/users\/1"}],"replies":[{"embeddable":true,"href":"https:\/\/formacion.fetaekwondo.net\/index.php?rest_route=%2Fwp%2Fv2%2Fcomments&post=80"}],"version-history":[{"count":3,"href":"https:\/\/formacion.fetaekwondo.net\/index.php?rest_route=\/wp\/v2\/pages\/80\/revisions"}],"predecessor-version":[{"id":158,"href":"https:\/\/formacion.fetaekwondo.net\/index.php?rest_route=\/wp\/v2\/pages\/80\/revisions\/158"}],"wp:attachment":[{"href":"https:\/\/formacion.fetaekwondo.net\/index.php?rest_route=%2Fwp%2Fv2%2Fmedia&parent=80"}],"curies":[{"name":"wp","href":"https:\/\/api.w.org\/{rel}","templated":true}]}}