{"id":77,"date":"2022-03-23T13:11:58","date_gmt":"2022-03-23T13:11:58","guid":{"rendered":"https:\/\/formacion.fetaekwondo.net\/?page_id=77"},"modified":"2023-07-18T08:16:13","modified_gmt":"2023-07-18T08:16:13","slug":"arbitros-taekwondo-colegiados","status":"publish","type":"page","link":"https:\/\/formacion.fetaekwondo.net\/?page_id=77","title":{"rendered":"\u00c1rbitros Taekwondo Colegiados"},"content":{"rendered":"\n<p><em>La siguiente p\u00e1gina mostrar\u00e1 el acceso al curso de formaci\u00f3n permanente de <strong>\u00c1rbitros de Taekwondo Colegiados<\/strong> quienes dispondr\u00e1n de todo tipo de cursos durante toda la temporada.<\/em><\/p>\n\n\n\n<p><\/p>\n\n\n\n<p><strong>\u00c1rbitros Taekwondo &#8211; Formaci\u00f3n Permanente<\/strong><\/p>\n\n\n\n<p><em><strong>Pr\u00f3ximamente&#8230;<\/strong><\/em><\/p>\n","protected":false},"excerpt":{"rendered":"<p>La siguiente p\u00e1gina mostrar\u00e1 el acceso al curso de formaci\u00f3n permanente de \u00c1rbitros de Taekwondo Colegiados quienes dispondr\u00e1n de todo tipo de cursos durante toda la temporada. \u00c1rbitros Taekwondo &#8211; Formaci\u00f3n Permanente Pr\u00f3ximamente&#8230;<\/p>\n","protected":false},"author":1,"featured_media":0,"parent":0,"menu_order":0,"comment_status":"closed","ping_status":"closed","template":"","meta":{"footnotes":""},"class_list":["post-77","page","type-page","status-publish","hentry"],"_links":{"self":[{"href":"https:\/\/formacion.fetaekwondo.net\/index.php?rest_route=\/wp\/v2\/pages\/77","targetHints":{"allow":["GET"]}}],"collection":[{"href":"https:\/\/formacion.fetaekwondo.net\/index.php?rest_route=\/wp\/v2\/pages"}],"about":[{"href":"https:\/\/formacion.fetaekwondo.net\/index.php?rest_route=\/wp\/v2\/types\/page"}],"author":[{"embeddable":true,"href":"https:\/\/formacion.fetaekwondo.net\/index.php?rest_route=\/wp\/v2\/users\/1"}],"replies":[{"embeddable":true,"href":"https:\/\/formacion.fetaekwondo.net\/index.php?rest_route=%2Fwp%2Fv2%2Fcomments&post=77"}],"version-history":[{"count":3,"href":"https:\/\/formacion.fetaekwondo.net\/index.php?rest_route=\/wp\/v2\/pages\/77\/revisions"}],"predecessor-version":[{"id":157,"href":"https:\/\/formacion.fetaekwondo.net\/index.php?rest_route=\/wp\/v2\/pages\/77\/revisions\/157"}],"wp:attachment":[{"href":"https:\/\/formacion.fetaekwondo.net\/index.php?rest_route=%2Fwp%2Fv2%2Fmedia&parent=77"}],"curies":[{"name":"wp","href":"https:\/\/api.w.org\/{rel}","templated":true}]}}