{"id":65,"date":"2022-03-23T11:58:57","date_gmt":"2022-03-23T11:58:57","guid":{"rendered":"https:\/\/formacion.fetaekwondo.net\/?page_id=65"},"modified":"2022-09-29T07:12:52","modified_gmt":"2022-09-29T07:12:52","slug":"bienvenida-del-presidente","status":"publish","type":"page","link":"https:\/\/formacion.fetaekwondo.net\/?page_id=65","title":{"rendered":"Bienvenida del Presidente"},"content":{"rendered":"\n<p><em>Me gustar\u00eda dar la bienvenida a todos los Entrenadores, T\u00e9cnicos, \u00c1rbitros, Jueces y Deportistas en general la bienvenida al nuevo <strong>Portal de Formaci\u00f3n<\/strong> de la Real Federaci\u00f3n Espa\u00f1ola de Taekwondo y Disciplinas Asociadas.<\/em><\/p>\n\n\n\n<p><em>Desde hace ya unos cuantos a\u00f1os, la RFET lleva haciendo una fuerte apuesta por la formaci\u00f3n con el objetivo de conseguir profesionales cada vez m\u00e1s formados y cualificados.<\/em><\/p>\n\n\n\n<p><em>Si bien es cierto, la reciente pandemia del COVID-19 sufrida a nivel mundial nos ha permitido valorar y mejorar el uso de las nuevas tecnolog\u00edas y m\u00e1s concretamente de la formaci\u00f3n online, siendo esta actualmente de mayor calidad y ofreciendo una cobertura mayor con respecto a a\u00f1os anteriores. El uso de videos, herramientas interactivas, comunicaci\u00f3n m\u00e1s constante y fluida ha hecho de la formaci\u00f3n online uno de los pilares formativos del futuro de la educaci\u00f3n a nivel global.<\/em><\/p>\n\n\n\n<p><em>Es por ello que hemos decidido lanzar este <strong>Portal de Formaci\u00f3n Online<\/strong>, mediante el cual Entrenadores, T\u00e9cnicos, \u00c1rbitros, Jueces y Deportistas en general tendr\u00e1n acceso a <strong>Cursos Online<\/strong>, <strong>Ponencias<\/strong>, <strong>Videos<\/strong> y un largo etc\u00e9tera. Incluso dispondremos de un apartado de <strong>Formaci\u00f3n Permanente<\/strong> para los diferentes t\u00e9cnicos colegiados dispongan de un acceso durante todo el a\u00f1o.<\/em><\/p>\n\n\n\n<p><em>Sin m\u00e1s dilaci\u00f3n, agradecerte tu confianza en la Real Federaci\u00f3n Espa\u00f1ola de Taekwondo y Disciplinas Asociadas y en sus profesionales los cuales trabajan muy duro d\u00eda a d\u00eda para hacerte llegar el mejor contenido, espero que disfrutes de la experiencia del uso de este Portal de Formaci\u00f3n.<\/em><\/p>\n\n\n<div class=\"wp-block-image\">\n<figure class=\"aligncenter size-full\"><img loading=\"lazy\" decoding=\"async\" width=\"768\" height=\"542\" src=\"https:\/\/formacion.fetaekwondo.net\/wp-content\/uploads\/2022\/09\/JesusCP.jpeg\" alt=\"\" class=\"wp-image-110\" srcset=\"https:\/\/formacion.fetaekwondo.net\/wp-content\/uploads\/2022\/09\/JesusCP.jpeg 768w, https:\/\/formacion.fetaekwondo.net\/wp-content\/uploads\/2022\/09\/JesusCP-300x212.jpeg 300w, https:\/\/formacion.fetaekwondo.net\/wp-content\/uploads\/2022\/09\/JesusCP-360x254.jpeg 360w\" sizes=\"auto, (max-width: 768px) 100vw, 768px\" \/><figcaption><strong><em>D. Jes\u00fas Castellanos Pueblas &#8211; Presidente de la Real Federaci\u00f3n Espa\u00f1ola de Taekwondo y Disciplinas Asociadas<\/em><\/strong><\/figcaption><\/figure><\/div>\n\n\n<p><\/p>\n\n\n\n<p><\/p>\n","protected":false},"excerpt":{"rendered":"<p>Me gustar\u00eda dar la bienvenida a todos los Entrenadores, T\u00e9cnicos, \u00c1rbitros, Jueces y Deportistas en general la bienvenida al nuevo Portal de Formaci\u00f3n de la Real Federaci\u00f3n Espa\u00f1ola de Taekwondo y Disciplinas Asociadas. Desde hace ya unos cuantos a\u00f1os, la <a href=\"https:\/\/formacion.fetaekwondo.net\/?page_id=65\" class=\"read-more\">Leer m\u00e1s&#8230;<\/a><\/p>\n","protected":false},"author":1,"featured_media":0,"parent":0,"menu_order":0,"comment_status":"closed","ping_status":"closed","template":"","meta":{"footnotes":""},"class_list":["post-65","page","type-page","status-publish","hentry"],"_links":{"self":[{"href":"https:\/\/formacion.fetaekwondo.net\/index.php?rest_route=\/wp\/v2\/pages\/65","targetHints":{"allow":["GET"]}}],"collection":[{"href":"https:\/\/formacion.fetaekwondo.net\/index.php?rest_route=\/wp\/v2\/pages"}],"about":[{"href":"https:\/\/formacion.fetaekwondo.net\/index.php?rest_route=\/wp\/v2\/types\/page"}],"author":[{"embeddable":true,"href":"https:\/\/formacion.fetaekwondo.net\/index.php?rest_route=\/wp\/v2\/users\/1"}],"replies":[{"embeddable":true,"href":"https:\/\/formacion.fetaekwondo.net\/index.php?rest_route=%2Fwp%2Fv2%2Fcomments&post=65"}],"version-history":[{"count":3,"href":"https:\/\/formacion.fetaekwondo.net\/index.php?rest_route=\/wp\/v2\/pages\/65\/revisions"}],"predecessor-version":[{"id":111,"href":"https:\/\/formacion.fetaekwondo.net\/index.php?rest_route=\/wp\/v2\/pages\/65\/revisions\/111"}],"wp:attachment":[{"href":"https:\/\/formacion.fetaekwondo.net\/index.php?rest_route=%2Fwp%2Fv2%2Fmedia&parent=65"}],"curies":[{"name":"wp","href":"https:\/\/api.w.org\/{rel}","templated":true}]}}