{"id":57,"date":"2022-03-23T11:35:43","date_gmt":"2022-03-23T11:35:43","guid":{"rendered":"https:\/\/formacion.fetaekwondo.net\/?page_id=57"},"modified":"2022-03-23T11:35:43","modified_gmt":"2022-03-23T11:35:43","slug":"escuela-nacional-de-formacion","status":"publish","type":"page","link":"https:\/\/formacion.fetaekwondo.net\/?page_id=57","title":{"rendered":"Escuela Nacional de Formaci\u00f3n"},"content":{"rendered":"\n<p>La Escuela Nacional Federativa es un \u00f3rgano t\u00e9cnico que atiende directamente a la formaci\u00f3n del colectivo de Entrenadores en sus diferentes categor\u00edas y con subordinaci\u00f3n al presidente de la RFET le corresponden las funciones siguientes:<\/p>\n\n\n\n<ul class=\"wp-block-list\"><li>Establecer los niveles de formaci\u00f3n del personal docente en sus diferentes categor\u00edas de Monitores, Entrenadores Auton\u00f3micos y Nacionales que son los tres niveles acordes con las disposiciones de la Comunidad Econ\u00f3mica Europea.<\/li><li>Aprobar y coordinar los cursos para obtener la titulaci\u00f3n docente que se realicen en todo el territorio espa\u00f1ol.<\/li><li>Nominar directamente, o a propuesta de la federaci\u00f3n regional, el cuadro de Profesores de los cursos que se realicen.<\/li><li>Aprobar los programas de los cursos que se realicen.<\/li><li>Revisar y comprobar que los aspirantes a titulaciones docentes re\u00fanan las condiciones reglamentarias establecidas.<\/li><li>Establecer los programas para los cursos de reciclaje y actualizaci\u00f3n y coordinar los que se realicen.<\/li><li>Confeccionar el calendario de actividades docentes nacionales en coordinaci\u00f3n con las propuestas que reciba de las Federaciones territoriales.<ul><li>El calendario al que se refiere el apartado anterior lo someter\u00e1 a aprobaci\u00f3n de la Junta Directiva para que \u00e9sta lo eleve a la Asamblea General y lo apruebe definitivamente.<\/li><\/ul><\/li><li>Cualesquiera otras funciones relativas a la docencia y formaci\u00f3n del personal docente que le sean encomendadas.<\/li><li>El control pedag\u00f3gico durante los cursos del desarrollo de las programaciones temporizadas y la aprobaci\u00f3n del plan de estudios.<\/li><\/ul>\n\n\n\n<p>Mediante la actual p\u00e1gina web, la Escuela Nacional de Formaci\u00f3n anunciar\u00e1 todo tipo de cursos y noticias relacionadas con su \u00e1mbito.<\/p>\n","protected":false},"excerpt":{"rendered":"<p>La Escuela Nacional Federativa es un \u00f3rgano t\u00e9cnico que atiende directamente a la formaci\u00f3n del colectivo de Entrenadores en sus diferentes categor\u00edas y con subordinaci\u00f3n al presidente de la RFET le corresponden las funciones siguientes: Establecer los niveles de formaci\u00f3n <a href=\"https:\/\/formacion.fetaekwondo.net\/?page_id=57\" class=\"read-more\">Leer m\u00e1s&#8230;<\/a><\/p>\n","protected":false},"author":1,"featured_media":0,"parent":0,"menu_order":0,"comment_status":"closed","ping_status":"closed","template":"","meta":{"footnotes":""},"class_list":["post-57","page","type-page","status-publish","hentry"],"_links":{"self":[{"href":"https:\/\/formacion.fetaekwondo.net\/index.php?rest_route=\/wp\/v2\/pages\/57","targetHints":{"allow":["GET"]}}],"collection":[{"href":"https:\/\/formacion.fetaekwondo.net\/index.php?rest_route=\/wp\/v2\/pages"}],"about":[{"href":"https:\/\/formacion.fetaekwondo.net\/index.php?rest_route=\/wp\/v2\/types\/page"}],"author":[{"embeddable":true,"href":"https:\/\/formacion.fetaekwondo.net\/index.php?rest_route=\/wp\/v2\/users\/1"}],"replies":[{"embeddable":true,"href":"https:\/\/formacion.fetaekwondo.net\/index.php?rest_route=%2Fwp%2Fv2%2Fcomments&post=57"}],"version-history":[{"count":3,"href":"https:\/\/formacion.fetaekwondo.net\/index.php?rest_route=\/wp\/v2\/pages\/57\/revisions"}],"predecessor-version":[{"id":60,"href":"https:\/\/formacion.fetaekwondo.net\/index.php?rest_route=\/wp\/v2\/pages\/57\/revisions\/60"}],"wp:attachment":[{"href":"https:\/\/formacion.fetaekwondo.net\/index.php?rest_route=%2Fwp%2Fv2%2Fmedia&parent=57"}],"curies":[{"name":"wp","href":"https:\/\/api.w.org\/{rel}","templated":true}]}}