{"id":50,"date":"2022-03-14T08:39:19","date_gmt":"2022-03-14T08:39:19","guid":{"rendered":"https:\/\/formacion.fetaekwondo.net\/?page_id=50"},"modified":"2022-09-29T07:49:27","modified_gmt":"2022-09-29T07:49:27","slug":"formacion-permanente-2","status":"publish","type":"page","link":"https:\/\/formacion.fetaekwondo.net\/?page_id=50","title":{"rendered":"Formaci\u00f3n Permanente"},"content":{"rendered":"\n<p>La formaci\u00f3n permanente de Entrenadores, T\u00e9cnicos, \u00c1rbitros y Jueces es un tema fundamental que queremos abordar desde la Escuela Nacional de Formaci\u00f3n. Es por ello que este portal contar\u00e1 con una secci\u00f3n dedicada a la formaci\u00f3n permanente de los profesionales colegiados, donde podr\u00e1n encontrar diferentes recursos para su formaci\u00f3n continua.<\/p>\n\n\n\n<p><\/p>\n","protected":false},"excerpt":{"rendered":"<p>La formaci\u00f3n permanente de Entrenadores, T\u00e9cnicos, \u00c1rbitros y Jueces es un tema fundamental que queremos abordar desde la Escuela Nacional de Formaci\u00f3n. Es por ello que este portal contar\u00e1 con una secci\u00f3n dedicada a la formaci\u00f3n permanente de los profesionales <a href=\"https:\/\/formacion.fetaekwondo.net\/?page_id=50\" class=\"read-more\">Leer m\u00e1s&#8230;<\/a><\/p>\n","protected":false},"author":1,"featured_media":0,"parent":0,"menu_order":0,"comment_status":"closed","ping_status":"closed","template":"","meta":{"footnotes":""},"class_list":["post-50","page","type-page","status-publish","hentry"],"_links":{"self":[{"href":"https:\/\/formacion.fetaekwondo.net\/index.php?rest_route=\/wp\/v2\/pages\/50","targetHints":{"allow":["GET"]}}],"collection":[{"href":"https:\/\/formacion.fetaekwondo.net\/index.php?rest_route=\/wp\/v2\/pages"}],"about":[{"href":"https:\/\/formacion.fetaekwondo.net\/index.php?rest_route=\/wp\/v2\/types\/page"}],"author":[{"embeddable":true,"href":"https:\/\/formacion.fetaekwondo.net\/index.php?rest_route=\/wp\/v2\/users\/1"}],"replies":[{"embeddable":true,"href":"https:\/\/formacion.fetaekwondo.net\/index.php?rest_route=%2Fwp%2Fv2%2Fcomments&post=50"}],"version-history":[{"count":2,"href":"https:\/\/formacion.fetaekwondo.net\/index.php?rest_route=\/wp\/v2\/pages\/50\/revisions"}],"predecessor-version":[{"id":116,"href":"https:\/\/formacion.fetaekwondo.net\/index.php?rest_route=\/wp\/v2\/pages\/50\/revisions\/116"}],"wp:attachment":[{"href":"https:\/\/formacion.fetaekwondo.net\/index.php?rest_route=%2Fwp%2Fv2%2Fmedia&parent=50"}],"curies":[{"name":"wp","href":"https:\/\/api.w.org\/{rel}","templated":true}]}}