{"id":2,"date":"2016-05-10T03:48:21","date_gmt":"2016-05-10T03:48:21","guid":{"rendered":"http:\/\/formacion.fetaekwondo.net\/?page_id=2"},"modified":"2022-03-23T15:08:02","modified_gmt":"2022-03-23T15:08:02","slug":"sample-page","status":"publish","type":"page","link":"https:\/\/formacion.fetaekwondo.net\/","title":{"rendered":"Bienvenidos\/as al Portal de Formaci\u00f3n de la RFET"},"content":{"rendered":"<p><span style=\"color: #800000;\"><em><strong>[Web en Pruebas &#8211; Construcci\u00f3n]<\/strong><\/em><\/span><\/p>\n<p class=\"s12\"><strong><span class=\"s23\"><span class=\"bumpedFont15\">Bienvenidos al Portal de Formaci\u00f3n de la Real Federaci\u00f3n Espa\u00f1ola de Taekwondo y Disciplinas Asociadas.\u00a0<\/span><\/span><\/strong><\/p>\n<p class=\"s12\"><span class=\"s23\"><span class=\"bumpedFont15\">La Real Federaci\u00f3n Espa\u00f1ola de Taekwondo (R.F.E.T.) siempre ha apostado por una formaci\u00f3n de sus deportistas de calidad, es por ello <\/span><\/span><span class=\"s23\"><span class=\"bumpedFont15\">que<\/span><\/span><span class=\"s23\"><span class=\"bumpedFont15\">, este hecho constituye uno de los pilares b\u00e1sicos del desarrollo de este portal de formaci\u00f3n.<\/span><\/span><\/p>\n<p class=\"s12\"><span class=\"s23\"><span class=\"bumpedFont15\">Durante la navegaci\u00f3n a trav\u00e9s de la web, el visitante podr\u00e1 encontrar todo lo necesario para entender los tipos de cursos, las din\u00e1micas de <\/span><\/span><span class=\"s23\"><span class=\"bumpedFont15\">los mismos<\/span><\/span><span class=\"s23\"><span class=\"bumpedFont15\">, referencias a las asignaturas, as\u00ed como una descripci\u00f3n detallada de requisitos de acceso y competencias finales una vez obtenida la titulaci\u00f3n federativa correspondiente.<\/span><\/span><\/p>\n<p class=\"s12\"><span class=\"s23\"><span class=\"bumpedFont15\">Los cursos que se desarrollan m\u00e1s adelante son los siguientes:<\/span><\/span><\/p>\n<ul>\n<li class=\"s27\"><span class=\"s26\"><span class=\"bumpedFont15\">Cursos de Taekwondo.<\/span><\/span><\/li>\n<li>Cursos de Para-Taekwondo.<\/li>\n<li>Cursos de Taekwondo ITF.<\/li>\n<li class=\"s27\"><span class=\"s26\"><span class=\"bumpedFont15\">Cursos de <\/span><\/span>Hapkido.<\/li>\n<\/ul>\n<p class=\"s12\"><span class=\"s23\"><span class=\"bumpedFont15\">A su vez, el portal cuenta con una secci\u00f3n de Formaci\u00f3n Permanente, donde los Entrenadores y \u00c1rbitros \/ Jueces colegiados dispondr\u00e1n de una secci\u00f3n donde tendr\u00e1n acceso a cursos accesibles durante todo el a\u00f1o.<\/span><\/span><\/p>\n<p>Esperemos que disfrute de este nuevo portal de formaci\u00f3n creado para mejorar la calidad de la ense\u00f1anza de nuestro amado deporte.<\/p>\n<p>\u00a0<\/p>\n<p><strong>Escuela Nacional de Formaci\u00f3n<\/strong><\/p>\n\n\n<p><\/p>\n","protected":false},"excerpt":{"rendered":"<p>[Web en Pruebas &#8211; Construcci\u00f3n] Bienvenidos al Portal de Formaci\u00f3n de la Real Federaci\u00f3n Espa\u00f1ola de Taekwondo y Disciplinas Asociadas.\u00a0 La Real Federaci\u00f3n Espa\u00f1ola de Taekwondo (R.F.E.T.) siempre ha apostado por una formaci\u00f3n de sus deportistas de calidad, es por <a href=\"https:\/\/formacion.fetaekwondo.net\/\" class=\"read-more\">Leer m\u00e1s&#8230;<\/a><\/p>\n","protected":false},"author":1,"featured_media":0,"parent":0,"menu_order":0,"comment_status":"closed","ping_status":"closed","template":"","meta":{"footnotes":""},"class_list":["post-2","page","type-page","status-publish","hentry"],"_links":{"self":[{"href":"https:\/\/formacion.fetaekwondo.net\/index.php?rest_route=\/wp\/v2\/pages\/2","targetHints":{"allow":["GET"]}}],"collection":[{"href":"https:\/\/formacion.fetaekwondo.net\/index.php?rest_route=\/wp\/v2\/pages"}],"about":[{"href":"https:\/\/formacion.fetaekwondo.net\/index.php?rest_route=\/wp\/v2\/types\/page"}],"author":[{"embeddable":true,"href":"https:\/\/formacion.fetaekwondo.net\/index.php?rest_route=\/wp\/v2\/users\/1"}],"replies":[{"embeddable":true,"href":"https:\/\/formacion.fetaekwondo.net\/index.php?rest_route=%2Fwp%2Fv2%2Fcomments&post=2"}],"version-history":[{"count":5,"href":"https:\/\/formacion.fetaekwondo.net\/index.php?rest_route=\/wp\/v2\/pages\/2\/revisions"}],"predecessor-version":[{"id":99,"href":"https:\/\/formacion.fetaekwondo.net\/index.php?rest_route=\/wp\/v2\/pages\/2\/revisions\/99"}],"wp:attachment":[{"href":"https:\/\/formacion.fetaekwondo.net\/index.php?rest_route=%2Fwp%2Fv2%2Fmedia&parent=2"}],"curies":[{"name":"wp","href":"https:\/\/api.w.org\/{rel}","templated":true}]}}